{"id":147,"date":"2017-11-02T15:37:55","date_gmt":"2017-11-02T15:37:55","guid":{"rendered":"http:\/\/nazeri.albweb.al\/?page_id=147"},"modified":"2017-11-02T15:37:55","modified_gmt":"2017-11-02T15:37:55","slug":"grupi-i-gatshem","status":"publish","type":"page","link":"https:\/\/nazeri2000.com\/index.php\/grupi-i-gatshem\/","title":{"rendered":"Grupi i gatshem"},"content":{"rendered":"<div class=\"wpb-content-wrapper\"><p>[vc_row][vc_column][vc_column_text]<\/p>\n<p style=\"text-align: justify;\">Nj\u00eb num\u00ebr i konsideruesh\u00ebm punonj\u00ebsish t\u00eb nd\u00ebrhyrjes s\u00eb shpejt\u00eb n\u00eb t\u00eb gjith\u00eb vendin t\u00eb licensuar t\u00eb kompletuar me armatim, mjete speciale, uniform\u00eb , mjete individuale nd\u00ebrlidhjeje t\u00eb li\u00e7ensuar nga organet respektive kompetente n\u00eb funksion t\u00eb objektivave t\u00eb k\u00ebsaj shoq\u00ebri\u00eb. Sigurojne ruajtjen e objekteve n\u00eb koh\u00eb rekord, pas marjes s\u00eb sinjalit nga zyrat q\u00ebndrore t\u00eb sall\u00ebs operative.<\/p>\n<p>[\/vc_column_text][\/vc_column][\/vc_row][vc_row][vc_column][vc_media_grid gap=&#8221;10&#8243; grid_id=&#8221;vc_gid:1509635894673-95b842c2-4a48-8&#8243; include=&#8221;150,151,149&#8243;][\/vc_column][\/vc_row]<\/p>\n<\/div>","protected":false},"excerpt":{"rendered":"<p>[vc_row][vc_column][vc_column_text] Nj\u00eb num\u00ebr i konsideruesh\u00ebm punonj\u00ebsish t\u00eb nd\u00ebrhyrjes s\u00eb shpejt\u00eb n\u00eb t\u00eb gjith\u00eb vendin t\u00eb licensuar t\u00eb kompletuar me armatim, mjete speciale, uniform\u00eb , mjete individuale nd\u00ebrlidhjeje t\u00eb li\u00e7ensuar nga organet respektive kompetente n\u00eb funksion t\u00eb objektivave t\u00eb k\u00ebsaj shoq\u00ebri\u00eb. Sigurojne ruajtjen e objekteve n\u00eb koh\u00eb rekord, pas marjes s\u00eb sinjalit nga zyrat q\u00ebndrore t\u00eb&hellip;<\/p>\n","protected":false},"author":1,"featured_media":0,"parent":0,"menu_order":0,"comment_status":"closed","ping_status":"closed","template":"","meta":{"footnotes":""},"class_list":["post-147","page","type-page","status-publish","hentry","description-off"],"_links":{"self":[{"href":"https:\/\/nazeri2000.com\/index.php\/wp-json\/wp\/v2\/pages\/147","targetHints":{"allow":["GET"]}}],"collection":[{"href":"https:\/\/nazeri2000.com\/index.php\/wp-json\/wp\/v2\/pages"}],"about":[{"href":"https:\/\/nazeri2000.com\/index.php\/wp-json\/wp\/v2\/types\/page"}],"author":[{"embeddable":true,"href":"https:\/\/nazeri2000.com\/index.php\/wp-json\/wp\/v2\/users\/1"}],"replies":[{"embeddable":true,"href":"https:\/\/nazeri2000.com\/index.php\/wp-json\/wp\/v2\/comments?post=147"}],"version-history":[{"count":5,"href":"https:\/\/nazeri2000.com\/index.php\/wp-json\/wp\/v2\/pages\/147\/revisions"}],"predecessor-version":[{"id":156,"href":"https:\/\/nazeri2000.com\/index.php\/wp-json\/wp\/v2\/pages\/147\/revisions\/156"}],"wp:attachment":[{"href":"https:\/\/nazeri2000.com\/index.php\/wp-json\/wp\/v2\/media?parent=147"}],"curies":[{"name":"wp","href":"https:\/\/api.w.org\/{rel}","templated":true}]}}