{"id":159,"date":"2017-11-02T16:18:05","date_gmt":"2017-11-02T16:18:05","guid":{"rendered":"http:\/\/nazeri.albweb.al\/?page_id=159"},"modified":"2018-03-16T08:37:51","modified_gmt":"2018-03-16T08:37:51","slug":"salla-operative","status":"publish","type":"page","link":"https:\/\/nazeri2000.com\/index.php\/salla-operative\/","title":{"rendered":"Salla operative"},"content":{"rendered":"<div class=\"wpb-content-wrapper\"><p>[vc_row][vc_column width=&#8221;1\/2&#8243;][vc_empty_space height=&#8221;20px&#8221;][vc_column_text]<\/p>\n<p style=\"text-align: justify;\">&#8220;Nazeri 2000&#8221; siguron 12 salla operative ne 12 qarqe te Shqiperise dhe me sherbim 24 ore. Me an\u00eb t\u00eb nj\u00eb qendre monitorimi t\u00eb teknologjis\u00eb s\u00eb fundit, siguron mbikqyrjen e sip\u00ebrmarrjeve, dyqaneve, zyrave, apartamenteve duke p\u00ebrdorur: Sisteme Alarmi Kundra Vjedhjes, Sisteme Kundra Zjarrit, Sisteme Monitorim me Kamera dhe Sisteme Monitorimi te Automjeteve me GPS. Operator\u00ebt jan\u00eb t\u00eb p\u00ebrzgjedhur dhe profesional duke q\u00ebn\u00eb n\u00eb gj\u00ebndje t\u00eb zgjidhin t\u00eb gjitha situatat q\u00eb krijohen, me arritjen e grupit t\u00eb gatsh\u00ebm me nj\u00eb koh\u00eb rekord pasi salla operative merr sinjalin e alarmit. Shoqeria &#8220;Nazeri 2000&#8221; sh.p.k garanton pasurit\u00eb e palujtshme me nj\u00eb teknologji t\u00eb p\u00ebrparuar dhe moderne. Teknologjia e shoqeris\u00eb &#8220;Nazeri 2000&#8221; sh.p.k paraqet n\u00eb menyr\u00eb te vazhdueshme prezantimin e elementeve t\u00eb reja t\u00eb sigurise n\u00eb intergrimin e sh\u00ebrbimeve t\u00eb avancuara.<\/p>\n<p>[\/vc_column_text][\/vc_column][vc_column width=&#8221;1\/2&#8243;][vc_single_image image=&#8221;622&#8243; img_size=&#8221;550*300&#8243; alignment=&#8221;center&#8221; style=&#8221;vc_box_outline&#8221; css_animation=&#8221;bounceInDown&#8221; image_hovers=&#8221;false&#8221;][\/vc_column][\/vc_row][vc_row][vc_column width=&#8221;1\/3&#8243;][vc_single_image image=&#8221;624&#8243; img_size=&#8221;full&#8221; alignment=&#8221;center&#8221; style=&#8221;vc_box_outline&#8221; css_animation=&#8221;none&#8221; image_hovers=&#8221;false&#8221;][\/vc_column][vc_column width=&#8221;1\/3&#8243;][vc_single_image image=&#8221;627&#8243; img_size=&#8221;550*364&#8243; alignment=&#8221;center&#8221; style=&#8221;vc_box_outline&#8221; css_animation=&#8221;none&#8221; image_hovers=&#8221;false&#8221;][\/vc_column][vc_column width=&#8221;1\/3&#8243;][vc_single_image image=&#8221;857&#8243; img_size=&#8221;550*364&#8243; alignment=&#8221;center&#8221; style=&#8221;vc_box_outline&#8221; css_animation=&#8221;none&#8221; image_hovers=&#8221;false&#8221;][\/vc_column][\/vc_row]<\/p>\n<\/div>","protected":false},"excerpt":{"rendered":"<p>[vc_row][vc_column width=&#8221;1\/2&#8243;][vc_empty_space height=&#8221;20px&#8221;][vc_column_text] &#8220;Nazeri 2000&#8221; siguron 12 salla operative ne 12 qarqe te Shqiperise dhe me sherbim 24 ore. Me an\u00eb t\u00eb nj\u00eb qendre monitorimi t\u00eb teknologjis\u00eb s\u00eb fundit, siguron mbikqyrjen e sip\u00ebrmarrjeve, dyqaneve, zyrave, apartamenteve duke p\u00ebrdorur: Sisteme Alarmi Kundra Vjedhjes, Sisteme Kundra Zjarrit, Sisteme Monitorim me Kamera dhe Sisteme Monitorimi te Automjeteve me&hellip;<\/p>\n","protected":false},"author":1,"featured_media":0,"parent":0,"menu_order":0,"comment_status":"closed","ping_status":"closed","template":"","meta":{"footnotes":""},"class_list":["post-159","page","type-page","status-publish","hentry","description-off"],"_links":{"self":[{"href":"https:\/\/nazeri2000.com\/index.php\/wp-json\/wp\/v2\/pages\/159","targetHints":{"allow":["GET"]}}],"collection":[{"href":"https:\/\/nazeri2000.com\/index.php\/wp-json\/wp\/v2\/pages"}],"about":[{"href":"https:\/\/nazeri2000.com\/index.php\/wp-json\/wp\/v2\/types\/page"}],"author":[{"embeddable":true,"href":"https:\/\/nazeri2000.com\/index.php\/wp-json\/wp\/v2\/users\/1"}],"replies":[{"embeddable":true,"href":"https:\/\/nazeri2000.com\/index.php\/wp-json\/wp\/v2\/comments?post=159"}],"version-history":[{"count":9,"href":"https:\/\/nazeri2000.com\/index.php\/wp-json\/wp\/v2\/pages\/159\/revisions"}],"predecessor-version":[{"id":860,"href":"https:\/\/nazeri2000.com\/index.php\/wp-json\/wp\/v2\/pages\/159\/revisions\/860"}],"wp:attachment":[{"href":"https:\/\/nazeri2000.com\/index.php\/wp-json\/wp\/v2\/media?parent=159"}],"curies":[{"name":"wp","href":"https:\/\/api.w.org\/{rel}","templated":true}]}}