{"id":284,"date":"2017-11-03T13:52:05","date_gmt":"2017-11-03T13:52:05","guid":{"rendered":"http:\/\/nazeri.albweb.al\/?page_id=284"},"modified":"2017-12-01T11:57:59","modified_gmt":"2017-12-01T11:57:59","slug":"instalim-montim-mirembajtje-e-sisteve-te-alarmit","status":"publish","type":"page","link":"https:\/\/nazeri2000.com\/index.php\/instalim-montim-mirembajtje-e-sisteve-te-alarmit\/","title":{"rendered":"Instalim, montim &#038; mirembajtje e SISTEMEVE TE ALARMIT"},"content":{"rendered":"<div class=\"wpb-content-wrapper\"><p>[vc_row][vc_column width=&#8221;2\/3&#8243;][vc_single_image image=&#8221;287&#8243; img_size=&#8221;full&#8221; alignment=&#8221;center&#8221; onclick=&#8221;link_image&#8221; image_hovers=&#8221;false&#8221;][\/vc_column][vc_column width=&#8221;1\/3&#8243;]<div class=\"aio-icon-component    style_3\"><div id=\"Info-box-wrap-5053\" class=\"aio-icon-box default-icon\" style=\"\"  ><div class=\"aio-icon-default\"><div class=\"ult-just-icon-wrapper  \"><div class=\"align-icon\" style=\"text-align:center;\">\n<div class=\"aio-icon-img \" style=\"font-size:32px;display:inline-block;\" data-animation=\"fadeInDown\" data-animation-delay=\"03\">\n\t<img decoding=\"async\" class=\"img-icon\" alt=\"null\" src=\"https:\/\/nazeri2000.com\/wp-content\/uploads\/2017\/10\/lock.png\"\/>\n<\/div><\/div><\/div><\/div><div class=\"aio-icon-header\" ><h3 class=\"aio-icon-title ult-responsive\"  data-ultimate-target='#Info-box-wrap-5053 .aio-icon-title'  data-responsive-json-new='{\"font-size\":\"desktop:18px;\",\"line-height\":\"\"}'  style=\"color:#444444;\">ME MBI 17 VITE EKSPERIENCE<\/h3><\/div> <!-- header --><\/div> <!-- aio-icon-box --><\/div> <!-- aio-icon-component -->[vc_row_inner css=&#8221;.vc_custom_1508935862599{margin-top: -25px !important;}&#8221;][vc_column_inner][vc_column_text]<\/p>\n<p style=\"text-align: justify;\">Shoq\u00ebria e Ruajtjes dhe Siguris\u00eb Fizike \u201cNazeri 2000\u201d ka nj\u00eb ekperienc\u00eb mbi 17 vje\u00e7are n\u00eb fushen e ruajtjes dhe siguris\u00eb fizike duke vendosur standarte t\u00eb reja n\u00eb k\u00ebt\u00eb sh\u00ebrbim, me profesionaliz\u00ebm dhe cil\u00ebsi n\u00eb sh\u00ebrbimin e ofruar.<\/p>\n<p>[\/vc_column_text][\/vc_column_inner][\/vc_row_inner]<div class=\"aio-icon-component    style_3\"><div id=\"Info-box-wrap-6447\" class=\"aio-icon-box default-icon\" style=\"\"  ><div class=\"aio-icon-default\"><div class=\"ult-just-icon-wrapper  \"><div class=\"align-icon\" style=\"text-align:center;\">\n<div class=\"aio-icon-img \" style=\"font-size:32px;display:inline-block;\" data-animation=\"fadeInDown\" data-animation-delay=\"03\">\n\t<img decoding=\"async\" class=\"img-icon\" alt=\"null\" src=\"https:\/\/nazeri2000.com\/wp-content\/uploads\/2017\/10\/surveillance-video-camera.png\"\/>\n<\/div><\/div><\/div><\/div><div class=\"aio-icon-header\" ><h3 class=\"aio-icon-title ult-responsive\"  data-ultimate-target='#Info-box-wrap-6447 .aio-icon-title'  data-responsive-json-new='{\"font-size\":\"desktop:18px;\",\"line-height\":\"\"}'  style=\"color:#444444;\">SIGURI &amp; GARANCI<\/h3><\/div> <!-- header --><\/div> <!-- aio-icon-box --><\/div> <!-- aio-icon-component -->[vc_row_inner css=&#8221;.vc_custom_1508935862599{margin-top: -25px !important;}&#8221;][vc_column_inner][vc_column_text]<\/p>\n<p style=\"text-align: justify;\">Shoqeria &#8220;Nazeri 2000&#8221;, eshte e pajisur me njohurit\u00eb e domosdoshme p\u00ebr k\u00ebt\u00eb lloj sh\u00ebrbimi duke iu ofruar siguri dhe garanci kudo qe ju ndodheni.<\/p>\n<p>[\/vc_column_text][\/vc_column_inner][\/vc_row_inner][\/vc_column][\/vc_row]<\/p>\n<\/div>","protected":false},"excerpt":{"rendered":"<p>[vc_row][vc_column width=&#8221;2\/3&#8243;][vc_single_image image=&#8221;287&#8243; img_size=&#8221;full&#8221; alignment=&#8221;center&#8221; onclick=&#8221;link_image&#8221; image_hovers=&#8221;false&#8221;][\/vc_column][vc_column width=&#8221;1\/3&#8243;][vc_row_inner css=&#8221;.vc_custom_1508935862599{margin-top: -25px !important;}&#8221;][vc_column_inner][vc_column_text] Shoq\u00ebria e Ruajtjes dhe Siguris\u00eb Fizike \u201cNazeri 2000\u201d ka nj\u00eb ekperienc\u00eb mbi 17 vje\u00e7are n\u00eb fushen e ruajtjes dhe siguris\u00eb fizike duke vendosur standarte t\u00eb reja n\u00eb k\u00ebt\u00eb sh\u00ebrbim, me profesionaliz\u00ebm dhe cil\u00ebsi n\u00eb sh\u00ebrbimin e ofruar. [\/vc_column_text][\/vc_column_inner][\/vc_row_inner][vc_row_inner css=&#8221;.vc_custom_1508935862599{margin-top: -25px !important;}&#8221;][vc_column_inner][vc_column_text] Shoqeria &#8220;Nazeri 2000&#8221;,&hellip;<\/p>\n","protected":false},"author":1,"featured_media":0,"parent":0,"menu_order":0,"comment_status":"closed","ping_status":"closed","template":"","meta":{"footnotes":""},"class_list":["post-284","page","type-page","status-publish","hentry","description-off"],"_links":{"self":[{"href":"https:\/\/nazeri2000.com\/index.php\/wp-json\/wp\/v2\/pages\/284","targetHints":{"allow":["GET"]}}],"collection":[{"href":"https:\/\/nazeri2000.com\/index.php\/wp-json\/wp\/v2\/pages"}],"about":[{"href":"https:\/\/nazeri2000.com\/index.php\/wp-json\/wp\/v2\/types\/page"}],"author":[{"embeddable":true,"href":"https:\/\/nazeri2000.com\/index.php\/wp-json\/wp\/v2\/users\/1"}],"replies":[{"embeddable":true,"href":"https:\/\/nazeri2000.com\/index.php\/wp-json\/wp\/v2\/comments?post=284"}],"version-history":[{"count":8,"href":"https:\/\/nazeri2000.com\/index.php\/wp-json\/wp\/v2\/pages\/284\/revisions"}],"predecessor-version":[{"id":367,"href":"https:\/\/nazeri2000.com\/index.php\/wp-json\/wp\/v2\/pages\/284\/revisions\/367"}],"wp:attachment":[{"href":"https:\/\/nazeri2000.com\/index.php\/wp-json\/wp\/v2\/media?parent=284"}],"curies":[{"name":"wp","href":"https:\/\/api.w.org\/{rel}","templated":true}]}}