{"id":765,"date":"2018-01-18T09:34:36","date_gmt":"2018-01-18T09:34:36","guid":{"rendered":"http:\/\/nazeri.albweb.al\/?page_id=765"},"modified":"2018-03-16T15:03:43","modified_gmt":"2018-03-16T15:03:43","slug":"sherbim-patrullimi","status":"publish","type":"page","link":"https:\/\/nazeri2000.com\/index.php\/sherbim-patrullimi\/","title":{"rendered":"Sherbim Patrullimi"},"content":{"rendered":"<div class=\"wpb-content-wrapper\"><p>[vc_row][vc_column width=&#8221;1\/2&#8243;][vc_single_image image=&#8221;873&#8243; img_size=&#8221;full&#8221; alignment=&#8221;center&#8221; style=&#8221;vc_box_outline&#8221; image_hovers=&#8221;false&#8221;][\/vc_column][vc_column width=&#8221;1\/2&#8243;][vc_empty_space height=&#8221;5px&#8221;]<div class=\"aio-icon-component    style_3\"><div id=\"Info-box-wrap-4999\" class=\"aio-icon-box default-icon\" style=\"\"  ><div class=\"aio-icon-default\"><div class=\"ult-just-icon-wrapper  \"><div class=\"align-icon\" style=\"text-align:center;\">\n<div class=\"aio-icon-img \" style=\"font-size:32px;display:inline-block;\" data-animation=\"fadeInDown\" data-animation-delay=\"03\">\n\t<img decoding=\"async\" class=\"img-icon\" alt=\"null\" src=\"https:\/\/nazeri2000.com\/wp-content\/uploads\/2017\/10\/lock.png\"\/>\n<\/div><\/div><\/div><\/div><div class=\"aio-icon-header\" ><h3 class=\"aio-icon-title ult-responsive\"  data-ultimate-target='#Info-box-wrap-4999 .aio-icon-title'  data-responsive-json-new='{\"font-size\":\"desktop:18px;\",\"line-height\":\"\"}'  style=\"color:#444444;\">ME MBI 17 VITE EKSPERIENCE<\/h3><\/div> <!-- header --><\/div> <!-- aio-icon-box --><\/div> <!-- aio-icon-component -->[vc_row_inner css=&#8221;.vc_custom_1508935862599{margin-top: -25px !important;}&#8221;][vc_column_inner width=&#8221;3\/4&#8243;][vc_column_text]Shoq\u00ebria e Ruajtjes dhe Siguris\u00eb Fizike \u201cNazeri 2000\u201d ka nj\u00eb ekperienc\u00eb mbi 15 vje\u00e7are n\u00eb fushen e ruajtjes dhe siguris\u00eb fizike duke vendosur standarte t\u00eb reja n\u00eb k\u00ebt\u00eb sh\u00ebrbim, me profesionaliz\u00ebm dhe cil\u00ebsi n\u00eb sh\u00ebrbimin e ofruar.[\/vc_column_text][\/vc_column_inner][vc_column_inner width=&#8221;1\/4&#8243;][\/vc_column_inner][\/vc_row_inner]<div class=\"aio-icon-component    style_3\"><div id=\"Info-box-wrap-8481\" class=\"aio-icon-box default-icon\" style=\"\"  ><div class=\"aio-icon-default\"><div class=\"ult-just-icon-wrapper  \"><div class=\"align-icon\" style=\"text-align:center;\">\n<div class=\"aio-icon-img \" style=\"font-size:32px;display:inline-block;\" data-animation=\"fadeInDown\" data-animation-delay=\"03\">\n\t<img decoding=\"async\" class=\"img-icon\" alt=\"null\" src=\"https:\/\/nazeri2000.com\/wp-content\/uploads\/2017\/10\/surveillance-video-camera.png\"\/>\n<\/div><\/div><\/div><\/div><div class=\"aio-icon-header\" ><h3 class=\"aio-icon-title ult-responsive\"  data-ultimate-target='#Info-box-wrap-8481 .aio-icon-title'  data-responsive-json-new='{\"font-size\":\"desktop:18px;\",\"line-height\":\"\"}'  style=\"color:#444444;\">SIGURI &amp; GARANCI<\/h3><\/div> <!-- header --><\/div> <!-- aio-icon-box --><\/div> <!-- aio-icon-component -->[vc_row_inner css=&#8221;.vc_custom_1508935862599{margin-top: -25px !important;}&#8221;][vc_column_inner width=&#8221;3\/4&#8243;][vc_column_text]Shoqeria &#8220;Nazeri 2000&#8243;, eshte e pajisur me njohurit\u00eb e domosdoshme p\u00ebr k\u00ebt\u00eb lloj sh\u00ebrbimi duke iu ofruar siguri dhe garanci kudo qe ju ndodheni.[\/vc_column_text][\/vc_column_inner][vc_column_inner width=&#8221;1\/4&#8243;][\/vc_column_inner][\/vc_row_inner][\/vc_column][\/vc_row][vc_row][vc_column][vc_empty_space height=&#8221;20px&#8221;]<div id=\"ult-carousel-216418273369d53c2e8b17d\" class=\"ult-carousel-wrapper   ult_horizontal\" data-gutter=\"15\" data-rtl=\"false\" ><div class=\"ult-carousel-26616539569d53c2e8b0e4 \" >[vc_single_image image=&#8221;782&#8243; img_size=&#8221;full&#8221; alignment=&#8221;center&#8221; style=&#8221;vc_box_outline&#8221; onclick=&#8221;link_image&#8221; image_hovers=&#8221;false&#8221;][vc_single_image image=&#8221;774&#8243; img_size=&#8221;full&#8221; alignment=&#8221;center&#8221; style=&#8221;vc_box_outline&#8221; onclick=&#8221;link_image&#8221; image_hovers=&#8221;false&#8221;][vc_single_image image=&#8221;776&#8243; img_size=&#8221;full&#8221; alignment=&#8221;center&#8221; style=&#8221;vc_box_outline&#8221; onclick=&#8221;link_image&#8221; image_hovers=&#8221;false&#8221;][vc_single_image image=&#8221;876&#8243; img_size=&#8221;full&#8221; alignment=&#8221;center&#8221; style=&#8221;vc_box_outline&#8221; onclick=&#8221;link_image&#8221; image_hovers=&#8221;false&#8221;][vc_single_image image=&#8221;779&#8243; img_size=&#8221;full&#8221; alignment=&#8221;center&#8221; style=&#8221;vc_box_outline&#8221; onclick=&#8221;link_image&#8221; image_hovers=&#8221;false&#8221;]<\/div><\/div>\t\t\t<script type=\"text\/javascript\">\n\t\t\t\tjQuery(document).ready(function ($) {\n\t\t\t\t\tif( typeof jQuery('.ult-carousel-26616539569d53c2e8b0e4').slick == \"function\"){\n\t\t\t\t\t\t$('.ult-carousel-26616539569d53c2e8b0e4').slick({dots: true,autoplay: true,autoplaySpeed: \"3000\",speed: \"3000\",infinite: true,arrows: true,nextArrow: '<button type=\"button\" role=\"button\" aria-label=\"Next\" style=\"color:#333333; font-size:20px;\" class=\"slick-next default\"><i class=\"ultsl-arrow-right4\"><\/i><\/button>',prevArrow: '<button type=\"button\" role=\"button\" aria-label=\"Previous\" style=\"color:#333333; font-size:20px;\" class=\"slick-prev default\"><i class=\"ultsl-arrow-left4\"><\/i><\/button>',slidesToScroll:3,slidesToShow:3,swipe: true,draggable: true,touchMove: true,pauseOnHover: true,pauseOnFocus: false,responsive: [\n\t\t\t\t\t\t\t{\n\t\t\t\t\t\t\t  breakpoint: 1026,\n\t\t\t\t\t\t\t  settings: {\n\t\t\t\t\t\t\t\tslidesToShow: 3,\n\t\t\t\t\t\t\t\tslidesToScroll: 3,  \n\t\t\t\t\t\t\t  }\n\t\t\t\t\t\t\t},\n\t\t\t\t\t\t\t{\n\t\t\t\t\t\t\t  breakpoint: 1025,\n\t\t\t\t\t\t\t  settings: {\n\t\t\t\t\t\t\t\tslidesToShow: 3,\n\t\t\t\t\t\t\t\tslidesToScroll: 3\n\t\t\t\t\t\t\t  }\n\t\t\t\t\t\t\t},\n\t\t\t\t\t\t\t{\n\t\t\t\t\t\t\t  breakpoint: 760,\n\t\t\t\t\t\t\t  settings: {\n\t\t\t\t\t\t\t\tslidesToShow: 1,\n\t\t\t\t\t\t\t\tslidesToScroll: 1\n\t\t\t\t\t\t\t  }\n\t\t\t\t\t\t\t}\n\t\t\t\t\t\t],pauseOnDotsHover: true,customPaging: function(slider, i) {\n                   return '<i type=\"button\" style= \"color:#333333;\" class=\"ultsl-record\" data-role=\"none\"><\/i>';\n                },});\n\t\t\t\t\t}\n\t\t\t\t});\n\t\t\t<\/script>\n\t\t\t[\/vc_column][\/vc_row]<\/p>\n<\/div>","protected":false},"excerpt":{"rendered":"<p>[vc_row][vc_column width=&#8221;1\/2&#8243;][vc_single_image image=&#8221;873&#8243; img_size=&#8221;full&#8221; alignment=&#8221;center&#8221; style=&#8221;vc_box_outline&#8221; image_hovers=&#8221;false&#8221;][\/vc_column][vc_column width=&#8221;1\/2&#8243;][vc_empty_space height=&#8221;5px&#8221;][vc_row_inner css=&#8221;.vc_custom_1508935862599{margin-top: -25px !important;}&#8221;][vc_column_inner width=&#8221;3\/4&#8243;][vc_column_text]Shoq\u00ebria e Ruajtjes dhe Siguris\u00eb Fizike \u201cNazeri 2000\u201d ka nj\u00eb ekperienc\u00eb mbi 15 vje\u00e7are n\u00eb fushen e ruajtjes dhe siguris\u00eb fizike duke vendosur standarte t\u00eb reja n\u00eb k\u00ebt\u00eb sh\u00ebrbim, me profesionaliz\u00ebm dhe cil\u00ebsi n\u00eb sh\u00ebrbimin e ofruar.[\/vc_column_text][\/vc_column_inner][vc_column_inner width=&#8221;1\/4&#8243;][\/vc_column_inner][\/vc_row_inner][vc_row_inner css=&#8221;.vc_custom_1508935862599{margin-top: -25px !important;}&#8221;][vc_column_inner width=&#8221;3\/4&#8243;][vc_column_text]Shoqeria &#8220;Nazeri&hellip;<\/p>\n","protected":false},"author":1,"featured_media":0,"parent":0,"menu_order":0,"comment_status":"closed","ping_status":"closed","template":"","meta":{"footnotes":""},"class_list":["post-765","page","type-page","status-publish","hentry","description-off"],"_links":{"self":[{"href":"https:\/\/nazeri2000.com\/index.php\/wp-json\/wp\/v2\/pages\/765","targetHints":{"allow":["GET"]}}],"collection":[{"href":"https:\/\/nazeri2000.com\/index.php\/wp-json\/wp\/v2\/pages"}],"about":[{"href":"https:\/\/nazeri2000.com\/index.php\/wp-json\/wp\/v2\/types\/page"}],"author":[{"embeddable":true,"href":"https:\/\/nazeri2000.com\/index.php\/wp-json\/wp\/v2\/users\/1"}],"replies":[{"embeddable":true,"href":"https:\/\/nazeri2000.com\/index.php\/wp-json\/wp\/v2\/comments?post=765"}],"version-history":[{"count":6,"href":"https:\/\/nazeri2000.com\/index.php\/wp-json\/wp\/v2\/pages\/765\/revisions"}],"predecessor-version":[{"id":898,"href":"https:\/\/nazeri2000.com\/index.php\/wp-json\/wp\/v2\/pages\/765\/revisions\/898"}],"wp:attachment":[{"href":"https:\/\/nazeri2000.com\/index.php\/wp-json\/wp\/v2\/media?parent=765"}],"curies":[{"name":"wp","href":"https:\/\/api.w.org\/{rel}","templated":true}]}}