{"id":953,"date":"2025-10-28T14:51:59","date_gmt":"2025-10-28T14:51:59","guid":{"rendered":"https:\/\/nazeri2000.com\/?page_id=953"},"modified":"2025-10-28T15:06:37","modified_gmt":"2025-10-28T15:06:37","slug":"qendra-e-trajnimit","status":"publish","type":"page","link":"https:\/\/nazeri2000.com\/index.php\/qendra-e-trajnimit\/","title":{"rendered":"Qendra e Trajnimit"},"content":{"rendered":"<div class=\"wpb-content-wrapper\"><p>[vc_row][vc_column width=&#8221;1\/2&#8243;][vc_single_image image=&#8221;943&#8243; img_size=&#8221;full&#8221; alignment=&#8221;center&#8221; style=&#8221;vc_box_outline&#8221; css=&#8221;&#8221; image_hovers=&#8221;false&#8221;][\/vc_column][vc_column width=&#8221;1\/2&#8243;][vc_row_inner css=&#8221;.vc_custom_1508935862599{margin-top: -25px !important;}&#8221;][vc_column_inner width=&#8221;3\/4&#8243;][vc_column_text css=&#8221;&#8221;]<\/p>\n<p style=\"text-align: justify;\">Qendra e Trajnimit Privat NAZERI 2000 \u00ebsht\u00eb nj\u00eb institucion i specializuar p\u00ebr arsimimin, trajnimin dhe kualifikimin e personelit t\u00eb sh\u00ebrbimit privat t\u00eb siguris\u00eb fizike (SHPSF), si dhe trajnimin e civil\u00ebve sipas k\u00ebrkesave ligjore.Qendra-e-Trajnimit-Privat-NAZERI-2000.pdf\u200b<\/p>\n<p>[\/vc_column_text][\/vc_column_inner][vc_column_inner width=&#8221;1\/4&#8243;][\/vc_column_inner][\/vc_row_inner]<div class=\"aio-icon-component    style_3\"><div id=\"Info-box-wrap-2120\" class=\"aio-icon-box default-icon\" style=\"\"  ><div class=\"aio-icon-header\" ><h3 class=\"aio-icon-title ult-responsive\"  data-ultimate-target='#Info-box-wrap-2120 .aio-icon-title'  data-responsive-json-new='{\"font-size\":\"desktop:18px;\",\"line-height\":\"\"}'  style=\"color:#444444;\">Misioni dhe Detyrat Kryesore<\/h3><\/div> <!-- header --><\/div> <!-- aio-icon-box --><\/div> <!-- aio-icon-component -->[vc_row_inner css=&#8221;.vc_custom_1508935862599{margin-top: -25px !important;}&#8221;][vc_column_inner width=&#8221;3\/4&#8243;][vc_column_text css=&#8221;&#8221;]<\/p>\n<p style=\"text-align: justify;\">Misioni i qendr\u00ebs konsiston n\u00eb p\u00ebrgatitjen profesionale, certifikimin dhe trajnimin e vazhduesh\u00ebm t\u00eb personelit n\u00eb p\u00ebrputhje t\u00eb plot\u00eb me legjislacionin aktual. Qendra harton dhe p\u00ebrmir\u00ebson vazhdimisht programet e trajnimit, p\u00ebrgatit stafin m\u00ebsimdh\u00ebn\u00ebs, siguron infrastuktur\u00ebn dhe baz\u00ebn materiale, si dhe realizon manuale, udh\u00ebzime dhe dokumente informative p\u00ebr t\u00eb gjitha nivelet e kurseve.<\/p>\n<p>[\/vc_column_text][\/vc_column_inner][vc_column_inner width=&#8221;1\/4&#8243;][\/vc_column_inner][\/vc_row_inner][\/vc_column][\/vc_row][vc_row][vc_column width=&#8221;1\/2&#8243;]<div class=\"aio-icon-component    style_3\"><div id=\"Info-box-wrap-3714\" class=\"aio-icon-box default-icon\" style=\"\"  ><div class=\"aio-icon-header\" ><h3 class=\"aio-icon-title ult-responsive\"  data-ultimate-target='#Info-box-wrap-3714 .aio-icon-title'  data-responsive-json-new='{\"font-size\":\"desktop:18px;\",\"line-height\":\"\"}'  style=\"color:#444444;\">Llojet e Kurseve dhe Trajnimeve<\/h3><\/div> <!-- header --><\/div> <!-- aio-icon-box --><\/div> <!-- aio-icon-component -->[vc_column_text css=&#8221;&#8221;]<\/p>\n<p style=\"text-align: justify;\">Kursi baz\u00eb p\u00ebr personelin e sh\u00ebrbimit privat zgjat 10 dit\u00eb dhe \u00ebsht\u00eb i domosdosh\u00ebm para certifikimit. Kursi vazhdues zgjat 2 dit\u00eb dhe duhet t\u00eb kryhet \u00e7do 2 vjet, nd\u00ebrsa kursi i specializuar zgjat 5 dit\u00eb dhe kryhet \u00e7do 3 vjet. Ofrohen edhe kurse t\u00eb specializuara p\u00ebr roje fizike, operator\u00eb, truproje, shoq\u00ebrim vlerash monetare, verifikim alarmesh, dhe drejtues automjetesh t\u00eb blinduar.<\/p>\n<p>[\/vc_column_text][\/vc_column][vc_column width=&#8221;1\/2&#8243;]<div class=\"aio-icon-component    style_3\"><div id=\"Info-box-wrap-2056\" class=\"aio-icon-box default-icon\" style=\"\"  ><div class=\"aio-icon-header\" ><h3 class=\"aio-icon-title ult-responsive\"  data-ultimate-target='#Info-box-wrap-2056 .aio-icon-title'  data-responsive-json-new='{\"font-size\":\"desktop:18px;\",\"line-height\":\"\"}'  style=\"color:#444444;\">Objektivi i Kurseve<\/h3><\/div> <!-- header --><\/div> <!-- aio-icon-box --><\/div> <!-- aio-icon-component -->[vc_column_text css=&#8221;&#8221;]<\/p>\n<p style=\"text-align: justify;\">K\u00ebto kurse synojn\u00eb t\u00eb sigurojn\u00eb njohuri ligjore, p\u00ebrdorimin teknik t\u00eb arm\u00ebve, mbrojtjen e objekteve dhe njer\u00ebzve, menaxhimin e rendit publik dhe reagimin n\u00eb raste emergjente. Kursant\u00ebt m\u00ebsojn\u00eb t\u00eb njohin legjislacionin n\u00eb fuqi, t\u00eb mbrojn\u00eb objektet, t\u00eb patrullojn\u00eb zona, t\u00eb kujdesen p\u00ebr parkingjet publike, t\u00eb veprojn\u00eb n\u00eb rast alarmi dhe t\u00eb zbatojn\u00eb veprime mbrojt\u00ebse kund\u00ebr zjarrit.<\/p>\n<p>[\/vc_column_text][\/vc_column][\/vc_row][vc_row][vc_column][vc_empty_space height=&#8221;20px&#8221;][vc_media_grid element_width=&#8221;3&#8243; css=&#8221;&#8221; grid_id=&#8221;vc_gid:1761662931334-f9387c8f-21db-3&#8243; include=&#8221;958,960,962,964&#8243;][\/vc_column][\/vc_row]<\/p>\n<\/div>","protected":false},"excerpt":{"rendered":"<p>[vc_row][vc_column width=&#8221;1\/2&#8243;][vc_single_image image=&#8221;943&#8243; img_size=&#8221;full&#8221; alignment=&#8221;center&#8221; style=&#8221;vc_box_outline&#8221; css=&#8221;&#8221; image_hovers=&#8221;false&#8221;][\/vc_column][vc_column width=&#8221;1\/2&#8243;][vc_row_inner css=&#8221;.vc_custom_1508935862599{margin-top: -25px !important;}&#8221;][vc_column_inner width=&#8221;3\/4&#8243;][vc_column_text css=&#8221;&#8221;] Qendra e Trajnimit Privat NAZERI 2000 \u00ebsht\u00eb nj\u00eb institucion i specializuar p\u00ebr arsimimin, trajnimin dhe kualifikimin e personelit t\u00eb sh\u00ebrbimit privat t\u00eb siguris\u00eb fizike (SHPSF), si dhe trajnimin e civil\u00ebve sipas k\u00ebrkesave ligjore.Qendra-e-Trajnimit-Privat-NAZERI-2000.pdf\u200b [\/vc_column_text][\/vc_column_inner][vc_column_inner width=&#8221;1\/4&#8243;][\/vc_column_inner][\/vc_row_inner][vc_row_inner css=&#8221;.vc_custom_1508935862599{margin-top: -25px !important;}&#8221;][vc_column_inner width=&#8221;3\/4&#8243;][vc_column_text css=&#8221;&#8221;] Misioni&hellip;<\/p>\n","protected":false},"author":1,"featured_media":0,"parent":0,"menu_order":0,"comment_status":"closed","ping_status":"closed","template":"","meta":{"footnotes":""},"class_list":["post-953","page","type-page","status-publish","hentry","description-off"],"_links":{"self":[{"href":"https:\/\/nazeri2000.com\/index.php\/wp-json\/wp\/v2\/pages\/953","targetHints":{"allow":["GET"]}}],"collection":[{"href":"https:\/\/nazeri2000.com\/index.php\/wp-json\/wp\/v2\/pages"}],"about":[{"href":"https:\/\/nazeri2000.com\/index.php\/wp-json\/wp\/v2\/types\/page"}],"author":[{"embeddable":true,"href":"https:\/\/nazeri2000.com\/index.php\/wp-json\/wp\/v2\/users\/1"}],"replies":[{"embeddable":true,"href":"https:\/\/nazeri2000.com\/index.php\/wp-json\/wp\/v2\/comments?post=953"}],"version-history":[{"count":5,"href":"https:\/\/nazeri2000.com\/index.php\/wp-json\/wp\/v2\/pages\/953\/revisions"}],"predecessor-version":[{"id":966,"href":"https:\/\/nazeri2000.com\/index.php\/wp-json\/wp\/v2\/pages\/953\/revisions\/966"}],"wp:attachment":[{"href":"https:\/\/nazeri2000.com\/index.php\/wp-json\/wp\/v2\/media?parent=953"}],"curies":[{"name":"wp","href":"https:\/\/api.w.org\/{rel}","templated":true}]}}