{"id":968,"date":"2025-10-28T14:56:51","date_gmt":"2025-10-28T14:56:51","guid":{"rendered":"https:\/\/nazeri2000.com\/?page_id=968"},"modified":"2025-10-28T15:50:53","modified_gmt":"2025-10-28T15:50:53","slug":"poligoni-i-qitjes","status":"publish","type":"page","link":"https:\/\/nazeri2000.com\/index.php\/poligoni-i-qitjes\/","title":{"rendered":"Poligoni i Qitjes"},"content":{"rendered":"<div class=\"wpb-content-wrapper\"><p>[vc_row][vc_column width=&#8221;1\/2&#8243;][vc_raw_html css=&#8221;.vc_custom_1761664577305{margin-top: -65px !important;}&#8221;]JTNDdmlkZW8lMjB3aWR0aCUzRCUyMjUwMCUyMiUyMGhlaWdodCUzRCUyMjM1MCUyMiUyMGNvbnRyb2xzJTNFJTBEJTBBJTIwJTIwJTNDc291cmNlJTIwc3JjJTNEJTIyJTJGd3AtY29udGVudCUyRnVwbG9hZHMlMkYyMDI1JTJGMTAlMkZ2aWRlby1wb2xpZ29uaS5tcDQlMjIlMjB0eXBlJTNEJTIydmlkZW8lMkZtcDQlMjIlM0UlMEQlMEElMjAlMjAlM0Nzb3VyY2UlMjBzcmMlM0QlMjIlMkZ3cC1jb250ZW50JTJGdXBsb2FkcyUyRjIwMjUlMkYxMCUyRnZpZGVvLXBvbGlnb25pLm1wNCUyMiUyMHR5cGUlM0QlMjJ2aWRlbyUyRm9nZyUyMiUzRSUwRCUwQSUyMCUyMFlvdXIlMjBicm93c2VyJTIwZG9lcyUyMG5vdCUyMHN1cHBvcnQlMjB0aGUlMjB2aWRlbyUyMHRhZy4lMEQlMEElM0MlMkZ2aWRlbyUzRQ==[\/vc_raw_html][\/vc_column][vc_column width=&#8221;1\/2&#8243;][vc_row_inner css=&#8221;.vc_custom_1508935862599{margin-top: -25px !important;}&#8221;][vc_column_inner width=&#8221;3\/4&#8243;][vc_column_text css=&#8221;&#8221;]<\/p>\n<p style=\"text-align: justify;\">Poligoni i Qitjes NAZERI 2000 \u00ebsht\u00eb nj\u00eb struktur\u00eb q\u00eb ka si mision trajnimin dhe certifikimin e personelit t\u00eb sh\u00ebrbimit privat t\u00eb siguris\u00eb fizike (SHPSF), civil\u00ebve dhe sportist\u00ebve p\u00ebr p\u00ebrdorimin praktik t\u00eb arm\u00ebve t\u00eb zjarrit, duke respektuar ligjet dhe udh\u00ebzimet n\u00eb fuqi.<\/p>\n<p style=\"text-align: justify;\">Poligoni kryen detyra t\u00eb r\u00ebnd\u00ebsishme si zbatimi korrekt i trajnimeve, zhvillimi i programeve p\u00ebr arm\u00ebt, p\u00ebrmir\u00ebsimi i infrastruktur\u00ebs dhe sigurimi i manualeve informuese p\u00ebr p\u00ebrdoruesit. Ofron siguri, profesionaliz\u00ebm dhe mjedis relaksues p\u00ebr t\u00eb gjith\u00eb nivelet e pjes\u00ebmarr\u00ebsve, duke i ndihmuar ata t\u00eb zhvillojn\u00eb aft\u00ebsit\u00eb n\u00eb m\u00ebnyr\u00eb optimale.<\/p>\n<p>[\/vc_column_text][\/vc_column_inner][vc_column_inner width=&#8221;1\/4&#8243;][\/vc_column_inner][\/vc_row_inner][\/vc_column][\/vc_row][vc_row][vc_column][vc_empty_space height=&#8221;20px&#8221;][vc_media_grid css=&#8221;&#8221; grid_id=&#8221;vc_gid:1761664517590-3ab240da-0d17-3&#8243; include=&#8221;972,974,976,978,980,970&#8243;][\/vc_column][\/vc_row]<\/p>\n<\/div>","protected":false},"excerpt":{"rendered":"<p>[vc_row][vc_column width=&#8221;1\/2&#8243;][vc_raw_html css=&#8221;.vc_custom_1761664577305{margin-top: -65px !important;}&#8221;]JTNDdmlkZW8lMjB3aWR0aCUzRCUyMjUwMCUyMiUyMGhlaWdodCUzRCUyMjM1MCUyMiUyMGNvbnRyb2xzJTNFJTBEJTBBJTIwJTIwJTNDc291cmNlJTIwc3JjJTNEJTIyJTJGd3AtY29udGVudCUyRnVwbG9hZHMlMkYyMDI1JTJGMTAlMkZ2aWRlby1wb2xpZ29uaS5tcDQlMjIlMjB0eXBlJTNEJTIydmlkZW8lMkZtcDQlMjIlM0UlMEQlMEElMjAlMjAlM0Nzb3VyY2UlMjBzcmMlM0QlMjIlMkZ3cC1jb250ZW50JTJGdXBsb2FkcyUyRjIwMjUlMkYxMCUyRnZpZGVvLXBvbGlnb25pLm1wNCUyMiUyMHR5cGUlM0QlMjJ2aWRlbyUyRm9nZyUyMiUzRSUwRCUwQSUyMCUyMFlvdXIlMjBicm93c2VyJTIwZG9lcyUyMG5vdCUyMHN1cHBvcnQlMjB0aGUlMjB2aWRlbyUyMHRhZy4lMEQlMEElM0MlMkZ2aWRlbyUzRQ==[\/vc_raw_html][\/vc_column][vc_column width=&#8221;1\/2&#8243;][vc_row_inner css=&#8221;.vc_custom_1508935862599{margin-top: -25px !important;}&#8221;][vc_column_inner width=&#8221;3\/4&#8243;][vc_column_text css=&#8221;&#8221;] Poligoni i Qitjes NAZERI 2000 \u00ebsht\u00eb nj\u00eb struktur\u00eb q\u00eb ka si mision trajnimin dhe certifikimin e personelit t\u00eb sh\u00ebrbimit privat t\u00eb siguris\u00eb fizike (SHPSF), civil\u00ebve dhe sportist\u00ebve p\u00ebr p\u00ebrdorimin praktik t\u00eb arm\u00ebve t\u00eb zjarrit, duke respektuar ligjet dhe udh\u00ebzimet n\u00eb fuqi. Poligoni kryen detyra&hellip;<\/p>\n","protected":false},"author":1,"featured_media":0,"parent":0,"menu_order":0,"comment_status":"closed","ping_status":"closed","template":"","meta":{"footnotes":""},"class_list":["post-968","page","type-page","status-publish","hentry","description-off"],"_links":{"self":[{"href":"https:\/\/nazeri2000.com\/index.php\/wp-json\/wp\/v2\/pages\/968","targetHints":{"allow":["GET"]}}],"collection":[{"href":"https:\/\/nazeri2000.com\/index.php\/wp-json\/wp\/v2\/pages"}],"about":[{"href":"https:\/\/nazeri2000.com\/index.php\/wp-json\/wp\/v2\/types\/page"}],"author":[{"embeddable":true,"href":"https:\/\/nazeri2000.com\/index.php\/wp-json\/wp\/v2\/users\/1"}],"replies":[{"embeddable":true,"href":"https:\/\/nazeri2000.com\/index.php\/wp-json\/wp\/v2\/comments?post=968"}],"version-history":[{"count":5,"href":"https:\/\/nazeri2000.com\/index.php\/wp-json\/wp\/v2\/pages\/968\/revisions"}],"predecessor-version":[{"id":992,"href":"https:\/\/nazeri2000.com\/index.php\/wp-json\/wp\/v2\/pages\/968\/revisions\/992"}],"wp:attachment":[{"href":"https:\/\/nazeri2000.com\/index.php\/wp-json\/wp\/v2\/media?parent=968"}],"curies":[{"name":"wp","href":"https:\/\/api.w.org\/{rel}","templated":true}]}}