{"id":99,"date":"2017-11-02T14:35:41","date_gmt":"2017-11-02T14:35:41","guid":{"rendered":"http:\/\/nazeri.albweb.al\/?page_id=99"},"modified":"2018-10-20T10:23:19","modified_gmt":"2018-10-20T10:23:19","slug":"rreth-nesh","status":"publish","type":"page","link":"https:\/\/nazeri2000.com\/index.php\/rreth-nesh\/","title":{"rendered":"Rreth nesh"},"content":{"rendered":"<div class=\"wpb-content-wrapper\"><p>[vc_row][vc_column width=&#8221;1\/2&#8243;][vc_single_image image=&#8221;555&#8243; img_size=&#8221;full&#8221; alignment=&#8221;center&#8221; style=&#8221;vc_box_outline&#8221; css_animation=&#8221;fadeInLeft&#8221; image_hovers=&#8221;false&#8221;][\/vc_column][vc_column width=&#8221;1\/2&#8243;][vc_empty_space height=&#8221;10px&#8221;][vc_column_text]<\/p>\n<p style=\"text-align: justify;\">Shoqeria <strong>\u201cNazeri 2000\u201d<\/strong> eshte krijuar me date 15.11.2000, me nje plan te qarte organizimi dhe funksionimi afatgjate duke investuar vazhdimisht per zhvillimin dhe zgjerimin e aktivitetit, gjithmone duke patur si kriter kryesor perfeksionimin dhe rritjen e cilesise se sherbimit te ofruar duke u afirmuar ne treg si shoqeria lider ne ofrimin e sherbimit \u201cSECURITY\u201d. Shoq\u00ebria ka nj\u00eb ekperienc\u00eb rreth 20 vje\u00e7are n\u00eb fushen e ruajtjes dhe siguris\u00eb fizike duke vendosur standarte t\u00eb reja n\u00eb k\u00ebt\u00eb sh\u00ebrbim, me profesionaliz\u00ebm dhe cil\u00ebsi n\u00eb sh\u00ebrbimin e ofruar.<\/p>\n<p style=\"text-align: justify;\">Shoqeria eshte krijuar, me iniciativ\u00ebn e Administratorit Z. Durim NAZERAJ, i cili ka fituar te gjithe eksperiencen dhe njohurite e duhura gjat\u00eb studimeve t\u00eb larta n\u00eb Akademin\u00eb e Policis\u00eb dhe eksperienc\u00ebs disa vjecare qe prej vitit 1994 n\u00eb pozicionin e oficerit te Policis\u00eb s\u00eb Shtetit. Punonjesit e shoqerise i nenshtrohen trajnimeve dhe certifikimeve specifike ne funksion te kryerjes se sherbimit, per rritjen e standartit te ofrimit te sherbimit dhe per te plotesuar dhe perfeksionuar ofrimin e sherbimit ne perputhje me te gjitha standartet e kerkuara bashkekohore.<\/p>\n<p>[\/vc_column_text][\/vc_column][\/vc_row][vc_row][vc_column width=&#8221;1\/2&#8243;][vc_single_image image=&#8221;925&#8243; img_size=&#8221;full&#8221; alignment=&#8221;center&#8221; style=&#8221;vc_box_outline&#8221; css_animation=&#8221;fadeInRight&#8221; image_hovers=&#8221;false&#8221;][\/vc_column][vc_column width=&#8221;1\/2&#8243;][vc_empty_space height=&#8221;10px&#8221;][vc_column_text]<\/p>\n<p style=\"text-align: justify;\">Sherbimet e ofruara nga shoqeria \u201cNazeri 2000\u201d kane shtrirje ne te gjithe Republiken e Shqiperise dhe ate te Kosoves, duke ruajtur profesionalizimin ne menyren e ofrimit te tyre ne perputhje me kerkesat dhe specifikat e sherbimit te kerkuar duke iu pergjigjur cdo klienti vendas apo i huaj me nje vemendje dhe perkushtim maksimal.<\/p>\n<p style=\"text-align: justify;\">Pikesynimi i shoqerise eshte shtrirja e aktivitetit te saj duke ofruar nje sherbim cilesor, profesional dhe me pajisjet me te fundit te teknologjise duke I kushtuar nje vemendje te vencante punonjesve te sherbimit dhe kualifikimit te tyre, per te cilen do te kete nisma dhe angazhime maksimale ne zhvillimin e kurseve dhe trajnimeve intensive jo vetem ne kaudrin ligjor por edhe jashte saj. Kjo pasi qellimi dhe prespektiva e shoqerise eshte krijimi i besimit te gjere ne ofrimin e sherbimit tone cilesor dhe te sigurt pasi motoja e shoqerise sone eshte \u201cmos cenimi i sigurise\u201d.<\/p>\n<p>&nbsp;<\/p>\n<p>\u201cNazeri 2000\u201d siguron 12 salla operative ne 12 qarqe te Shqiperise dhe me sherbim 24 ore. Me an\u00eb t\u00eb nj\u00eb qendre monitorimi t\u00eb teknologjis\u00eb s\u00eb fundit, siguron mbikqyrjen e sip\u00ebrmarrjeve, dyqaneve, zyrave, apartamenteve duke p\u00ebrdorur: Sisteme Alarmi Kundra Vjedhjes, Sisteme Kundra Zjarrit, Sisteme Monitorim me Kamera dhe Sisteme Monitorimi te Automjeteve me GPS. Operator\u00ebt jan\u00eb t\u00eb p\u00ebrzgjedhur dhe profesional duke q\u00ebn\u00eb n\u00eb gj\u00ebndje t\u00eb zgjidhin t\u00eb gjitha situatat q\u00eb krijohen, me arritjen e grupit t\u00eb gatsh\u00ebm me nj\u00eb koh\u00eb rekord pasi salla operative merr sinjalin e alarmit. Shoqeria \u201cNazeri 2000\u201d sh.p.k garanton pasurit\u00eb e palujtshme me nj\u00eb teknologji t\u00eb p\u00ebrparuar dhe moderne. Teknologjia e shoqeris\u00eb \u201cNazeri 2000\u201d sh.p.k paraqet n\u00eb menyr\u00eb te vazhdueshme prezantimin e elementeve t\u00eb reja t\u00eb sigurise n\u00eb intergrimin e sh\u00ebrbimeve t\u00eb avancuara.[\/vc_column_text][\/vc_column][\/vc_row][vc_row][vc_column]<div id=\"ult-carousel-18110556069d5225082c78\" class=\"ult-carousel-wrapper   ult_horizontal\" data-gutter=\"15\" data-rtl=\"false\" ><div class=\"ult-carousel-335416960869d5225082b7d \" >[vc_row_inner][vc_column_inner width=&#8221;1\/2&#8243;]<div class=\"ult-item-wrap\" data-animation=\"animated no-animation\"><div class=\"aio-icon-component    style_1\"><div id=\"Info-box-wrap-2646\" class=\"aio-icon-box default-icon\" style=\"\"  ><div class=\"aio-icon-default\"><div class=\"ult-item-wrap\" data-animation=\"animated no-animation\"><div class=\"ult-just-icon-wrapper  \"><div class=\"align-icon\" style=\"text-align:center;\">\n<div class=\"aio-icon-img \" style=\"font-size:32px;display:inline-block;\" >\n\t<img decoding=\"async\" class=\"img-icon\" alt=\"null\" src=\"https:\/\/nazeri2000.com\/wp-content\/uploads\/2017\/10\/gps.png\"\/>\n<\/div><\/div><\/div><\/div><\/div><div class=\"aio-icon-header\" ><h3 class=\"aio-icon-title ult-responsive\"  data-ultimate-target='#Info-box-wrap-2646 .aio-icon-title'  data-responsive-json-new='{\"font-size\":\"\",\"line-height\":\"\"}'  style=\"\">Sall\u00eb operative<\/h3><\/div> <!-- header --><div class=\"aio-icon-description ult-responsive\"  data-ultimate-target='#Info-box-wrap-2646 .aio-icon-description'  data-responsive-json-new='{\"font-size\":\"\",\"line-height\":\"\"}'  style=\"\"><\/p>\n<p style=\"text-align: justify;\">Sall\u00eb operative ne te 12 qarqet e vendit me aparatura dhe teknologji t\u00eb avancuar n\u00eb dh\u00ebnien e informacionit n\u00eb koh\u00eb rekord dhe dh\u00ebnien e alarmit n\u00eb raste emergjencash.<\/p>\n<p><\/div> <!-- description --><\/div> <!-- aio-icon-box --><\/div> <!-- aio-icon-component --><\/div>[\/vc_column_inner][vc_column_inner width=&#8221;1\/2&#8243;]<div class=\"ult-item-wrap\" data-animation=\"animated no-animation\"><div class=\"aio-icon-component    style_1\"><div id=\"Info-box-wrap-7257\" class=\"aio-icon-box default-icon\" style=\"\"  ><div class=\"aio-icon-default\"><div class=\"ult-item-wrap\" data-animation=\"animated no-animation\"><div class=\"ult-just-icon-wrapper  \"><div class=\"align-icon\" style=\"text-align:center;\">\n<div class=\"aio-icon-img \" style=\"font-size:32px;display:inline-block;\" >\n\t<img decoding=\"async\" class=\"img-icon\" alt=\"null\" src=\"https:\/\/nazeri2000.com\/wp-content\/uploads\/2017\/10\/ruajtje-e-banesave.png\"\/>\n<\/div><\/div><\/div><\/div><\/div><div class=\"aio-icon-header\" ><h3 class=\"aio-icon-title ult-responsive\"  data-ultimate-target='#Info-box-wrap-7257 .aio-icon-title'  data-responsive-json-new='{\"font-size\":\"\",\"line-height\":\"\"}'  style=\"\">Grup i Gatshem 24 ore<\/h3><\/div> <!-- header --><div class=\"aio-icon-description ult-responsive\"  data-ultimate-target='#Info-box-wrap-7257 .aio-icon-description'  data-responsive-json-new='{\"font-size\":\"\",\"line-height\":\"\"}'  style=\"\"><\/p>\n<p style=\"text-align: justify;\">Rreth 20 motora per Grupet e Gatshme me sh\u00ebrbim 24 or\u00eb, me mjete dhe armatim bashk\u00ebkohor duke ofruar n\u00eb cdo moment nivel t\u00eb lart\u00eb profesional.<\/p>\n<p><\/div> <!-- description --><\/div> <!-- aio-icon-box --><\/div> <!-- aio-icon-component --><\/div>[\/vc_column_inner][\/vc_row_inner][vc_row_inner][vc_column_inner width=&#8221;1\/2&#8243;]<div class=\"ult-item-wrap\" data-animation=\"animated no-animation\"><div class=\"aio-icon-component    style_1\"><div id=\"Info-box-wrap-3275\" class=\"aio-icon-box default-icon\" style=\"\"  ><div class=\"aio-icon-default\"><div class=\"ult-item-wrap\" data-animation=\"animated no-animation\"><div class=\"ult-just-icon-wrapper  \"><div class=\"align-icon\" style=\"text-align:center;\">\n<div class=\"aio-icon-img \" style=\"font-size:32px;display:inline-block;\" >\n\t<img decoding=\"async\" class=\"img-icon\" alt=\"null\" src=\"https:\/\/nazeri2000.com\/wp-content\/uploads\/2017\/10\/money.png\"\/>\n<\/div><\/div><\/div><\/div><\/div><div class=\"aio-icon-header\" ><h3 class=\"aio-icon-title ult-responsive\"  data-ultimate-target='#Info-box-wrap-3275 .aio-icon-title'  data-responsive-json-new='{\"font-size\":\"\",\"line-height\":\"\"}'  style=\"\">Transportim i vlerave monetare<\/h3><\/div> <!-- header --><div class=\"aio-icon-description ult-responsive\"  data-ultimate-target='#Info-box-wrap-3275 .aio-icon-description'  data-responsive-json-new='{\"font-size\":\"\",\"line-height\":\"\"}'  style=\"\">Kompania Lider ne tregune e Transportit te Vlerave Monetare (CIT) me nje flot prej 40 mjetesh te blinduar dhe te certifikuar sipas te gjitha standarteve te kerkuara nga Banka e Shquperise.<\/div> <!-- description --><\/div> <!-- aio-icon-box --><\/div> <!-- aio-icon-component --><\/div>[\/vc_column_inner][vc_column_inner width=&#8221;1\/2&#8243;]<div class=\"ult-item-wrap\" data-animation=\"animated no-animation\"><div class=\"aio-icon-component    style_1\"><div id=\"Info-box-wrap-9076\" class=\"aio-icon-box default-icon\" style=\"\"  ><div class=\"aio-icon-default\"><div class=\"ult-item-wrap\" data-animation=\"animated no-animation\"><div class=\"ult-just-icon-wrapper  \"><div class=\"align-icon\" style=\"text-align:center;\">\n<div class=\"aio-icon-img \" style=\"font-size:32px;display:inline-block;\" >\n\t<img decoding=\"async\" class=\"img-icon\" alt=\"null\" src=\"https:\/\/nazeri2000.com\/wp-content\/uploads\/2017\/10\/cctv.png\"\/>\n<\/div><\/div><\/div><\/div><\/div><div class=\"aio-icon-header\" ><h3 class=\"aio-icon-title ult-responsive\"  data-ultimate-target='#Info-box-wrap-9076 .aio-icon-title'  data-responsive-json-new='{\"font-size\":\"\",\"line-height\":\"\"}'  style=\"\">24 or\u00eb n\u00eb 24<\/h3><\/div> <!-- header --><div class=\"aio-icon-description ult-responsive\"  data-ultimate-target='#Info-box-wrap-9076 .aio-icon-description'  data-responsive-json-new='{\"font-size\":\"\",\"line-height\":\"\"}'  style=\"\"><\/p>\n<p style=\"text-align: justify;\">Shoqeria ka nje kapacitet prej rreth 1000 punonjesish te licensuar dhe 130 mjete per kryerjen e sherbimit te ruajtejs se sigurise.<\/p>\n<p><\/div> <!-- description --><\/div> <!-- aio-icon-box --><\/div> <!-- aio-icon-component --><\/div>[\/vc_column_inner][\/vc_row_inner]<\/div><\/div>\t\t\t<script type=\"text\/javascript\">\n\t\t\t\tjQuery(document).ready(function ($) {\n\t\t\t\t\tif( typeof jQuery('.ult-carousel-335416960869d5225082b7d').slick == \"function\"){\n\t\t\t\t\t\t$('.ult-carousel-335416960869d5225082b7d').slick({dots: false,autoplay: true,autoplaySpeed: \"4000\",speed: \"4000\",infinite: true,arrows: true,nextArrow: '<button type=\"button\" role=\"button\" aria-label=\"Next\" style=\"color:#333333; font-size:20px;\" class=\"slick-next default\"><i class=\"ultsl-arrow-right4\"><\/i><\/button>',prevArrow: '<button type=\"button\" role=\"button\" aria-label=\"Previous\" style=\"color:#333333; font-size:20px;\" class=\"slick-prev default\"><i class=\"ultsl-arrow-left4\"><\/i><\/button>',slidesToScroll:1,slidesToShow:1,swipe: true,draggable: true,touchMove: true,pauseOnHover: true,pauseOnFocus: false,responsive: [\n\t\t\t\t\t\t\t{\n\t\t\t\t\t\t\t  breakpoint: 1026,\n\t\t\t\t\t\t\t  settings: {\n\t\t\t\t\t\t\t\tslidesToShow: 1,\n\t\t\t\t\t\t\t\tslidesToScroll: 1,  \n\t\t\t\t\t\t\t  }\n\t\t\t\t\t\t\t},\n\t\t\t\t\t\t\t{\n\t\t\t\t\t\t\t  breakpoint: 1025,\n\t\t\t\t\t\t\t  settings: {\n\t\t\t\t\t\t\t\tslidesToShow: 1,\n\t\t\t\t\t\t\t\tslidesToScroll: 1\n\t\t\t\t\t\t\t  }\n\t\t\t\t\t\t\t},\n\t\t\t\t\t\t\t{\n\t\t\t\t\t\t\t  breakpoint: 760,\n\t\t\t\t\t\t\t  settings: {\n\t\t\t\t\t\t\t\tslidesToShow: 1,\n\t\t\t\t\t\t\t\tslidesToScroll: 1\n\t\t\t\t\t\t\t  }\n\t\t\t\t\t\t\t}\n\t\t\t\t\t\t],pauseOnDotsHover: true,customPaging: function(slider, i) {\n                   return '<i type=\"button\" style= \"color:#333333;\" class=\"ultsl-record\" data-role=\"none\"><\/i>';\n                },});\n\t\t\t\t\t}\n\t\t\t\t});\n\t\t\t<\/script>\n\t\t\t[vc_empty_space height=&#8221;20px&#8221;][\/vc_column][\/vc_row][vc_row][vc_column]<div id=\"ult-carousel-213427878669d5225083b15\" class=\"ult-carousel-wrapper   ult_horizontal\" data-gutter=\"15\" data-rtl=\"false\" ><div class=\"ult-carousel-398441504069d5225083ad3 \" >[vc_single_image image=&#8221;572&#8243; img_size=&#8221;400*300&#8243; alignment=&#8221;center&#8221; style=&#8221;vc_box_outline&#8221; image_hovers=&#8221;false&#8221;][vc_single_image image=&#8221;562&#8243; img_size=&#8221;400*300&#8243; alignment=&#8221;center&#8221; style=&#8221;vc_box_outline&#8221; image_hovers=&#8221;false&#8221;][vc_single_image image=&#8221;566&#8243; img_size=&#8221;400*300&#8243; alignment=&#8221;center&#8221; style=&#8221;vc_box_outline&#8221; image_hovers=&#8221;false&#8221;][vc_single_image image=&#8221;570&#8243; img_size=&#8221;400*300&#8243; alignment=&#8221;center&#8221; style=&#8221;vc_box_outline&#8221; image_hovers=&#8221;false&#8221;]<\/div><\/div>\t\t\t<script type=\"text\/javascript\">\n\t\t\t\tjQuery(document).ready(function ($) {\n\t\t\t\t\tif( typeof jQuery('.ult-carousel-398441504069d5225083ad3').slick == \"function\"){\n\t\t\t\t\t\t$('.ult-carousel-398441504069d5225083ad3').slick({dots: false,autoplay: true,autoplaySpeed: \"3500\",speed: \"3500\",infinite: true,arrows: true,nextArrow: '<button type=\"button\" role=\"button\" aria-label=\"Next\" style=\"color:#ffffff; font-size:20px;background:#de2e17;\" class=\"slick-next circle-bg\"><i class=\"ultsl-arrow-right4\"><\/i><\/button>',prevArrow: '<button type=\"button\" role=\"button\" aria-label=\"Previous\" style=\"color:#ffffff; font-size:20px;background:#de2e17;\" class=\"slick-prev circle-bg\"><i class=\"ultsl-arrow-left4\"><\/i><\/button>',slidesToScroll:4,slidesToShow:4,swipe: true,draggable: true,touchMove: true,pauseOnHover: true,pauseOnFocus: false,responsive: [\n\t\t\t\t\t\t\t{\n\t\t\t\t\t\t\t  breakpoint: 1026,\n\t\t\t\t\t\t\t  settings: {\n\t\t\t\t\t\t\t\tslidesToShow: 4,\n\t\t\t\t\t\t\t\tslidesToScroll: 4,  \n\t\t\t\t\t\t\t  }\n\t\t\t\t\t\t\t},\n\t\t\t\t\t\t\t{\n\t\t\t\t\t\t\t  breakpoint: 1025,\n\t\t\t\t\t\t\t  settings: {\n\t\t\t\t\t\t\t\tslidesToShow: 3,\n\t\t\t\t\t\t\t\tslidesToScroll: 3\n\t\t\t\t\t\t\t  }\n\t\t\t\t\t\t\t},\n\t\t\t\t\t\t\t{\n\t\t\t\t\t\t\t  breakpoint: 760,\n\t\t\t\t\t\t\t  settings: {\n\t\t\t\t\t\t\t\tslidesToShow: 1,\n\t\t\t\t\t\t\t\tslidesToScroll: 1\n\t\t\t\t\t\t\t  }\n\t\t\t\t\t\t\t}\n\t\t\t\t\t\t],pauseOnDotsHover: true,customPaging: function(slider, i) {\n                   return '<i type=\"button\" style= \"color:#333333;\" class=\"ultsl-record\" data-role=\"none\"><\/i>';\n                },});\n\t\t\t\t\t}\n\t\t\t\t});\n\t\t\t<\/script>\n\t\t\t[\/vc_column][\/vc_row]<\/p>\n<\/div>","protected":false},"excerpt":{"rendered":"<p>[vc_row][vc_column width=&#8221;1\/2&#8243;][vc_single_image image=&#8221;555&#8243; img_size=&#8221;full&#8221; alignment=&#8221;center&#8221; style=&#8221;vc_box_outline&#8221; css_animation=&#8221;fadeInLeft&#8221; image_hovers=&#8221;false&#8221;][\/vc_column][vc_column width=&#8221;1\/2&#8243;][vc_empty_space height=&#8221;10px&#8221;][vc_column_text] Shoqeria \u201cNazeri 2000\u201d eshte krijuar me date 15.11.2000, me nje plan te qarte organizimi dhe funksionimi afatgjate duke investuar vazhdimisht per zhvillimin dhe zgjerimin e aktivitetit, gjithmone duke patur si kriter kryesor perfeksionimin dhe rritjen e cilesise se sherbimit te ofruar duke u afirmuar ne&hellip;<\/p>\n","protected":false},"author":1,"featured_media":0,"parent":0,"menu_order":0,"comment_status":"closed","ping_status":"closed","template":"","meta":{"footnotes":""},"class_list":["post-99","page","type-page","status-publish","hentry","description-off"],"_links":{"self":[{"href":"https:\/\/nazeri2000.com\/index.php\/wp-json\/wp\/v2\/pages\/99","targetHints":{"allow":["GET"]}}],"collection":[{"href":"https:\/\/nazeri2000.com\/index.php\/wp-json\/wp\/v2\/pages"}],"about":[{"href":"https:\/\/nazeri2000.com\/index.php\/wp-json\/wp\/v2\/types\/page"}],"author":[{"embeddable":true,"href":"https:\/\/nazeri2000.com\/index.php\/wp-json\/wp\/v2\/users\/1"}],"replies":[{"embeddable":true,"href":"https:\/\/nazeri2000.com\/index.php\/wp-json\/wp\/v2\/comments?post=99"}],"version-history":[{"count":34,"href":"https:\/\/nazeri2000.com\/index.php\/wp-json\/wp\/v2\/pages\/99\/revisions"}],"predecessor-version":[{"id":927,"href":"https:\/\/nazeri2000.com\/index.php\/wp-json\/wp\/v2\/pages\/99\/revisions\/927"}],"wp:attachment":[{"href":"https:\/\/nazeri2000.com\/index.php\/wp-json\/wp\/v2\/media?parent=99"}],"curies":[{"name":"wp","href":"https:\/\/api.w.org\/{rel}","templated":true}]}}